{"id":450,"date":"2020-02-20T22:03:14","date_gmt":"2020-02-20T21:03:14","guid":{"rendered":"https:\/\/residence-vysehradska.cz\/?page_id=450"},"modified":"2020-02-21T11:25:26","modified_gmt":"2020-02-21T10:25:26","slug":"2l","status":"publish","type":"page","link":"https:\/\/residence-vysehradska.cz\/hu\/2l\/","title":{"rendered":"2L"},"content":{"rendered":"","protected":false},"excerpt":{"rendered":"","protected":false},"author":4,"featured_media":0,"parent":0,"menu_order":0,"comment_status":"closed","ping_status":"closed","template":"template-apartman.php","meta":{"_acf_changed":false,"footnotes":""},"class_list":["post-450","page","type-page","status-publish","hentry"],"acf":[],"yoast_head":"<!-- This site is optimized with the Yoast SEO plugin v27.4 - https:\/\/yoast.com\/product\/yoast-seo-wordpress\/ -->\n<title>Vy\u0161ehradsk\u00e1 Rezidenci\u00f3 | Apartman 2L | Karlovy Vary<\/title>\n<meta name=\"robots\" content=\"index, follow, max-snippet:-1, max-image-preview:large, max-video-preview:-1\" \/>\n<link rel=\"canonical\" href=\"https:\/\/residence-vysehradska.cz\/apartman-2l\/\" \/>\n<meta property=\"og:locale\" content=\"hu_HU\" \/>\n<meta property=\"og:type\" content=\"article\" \/>\n<meta property=\"og:title\" content=\"Vy\u0161ehradsk\u00e1 Rezidenci\u00f3 | Apartman 2L | Karlovy Vary\" \/>\n<meta property=\"og:url\" content=\"https:\/\/residence-vysehradska.cz\/apartman-2l\/\" \/>\n<meta property=\"og:site_name\" content=\"Residence Vy\u0161ehradsk\u00e1\" \/>\n<meta property=\"article:modified_time\" content=\"2020-02-21T10:25:26+00:00\" \/>\n<meta name=\"twitter:card\" content=\"summary_large_image\" \/>\n<script type=\"application\/ld+json\" class=\"yoast-schema-graph\">{\"@context\":\"https:\\\/\\\/schema.org\",\"@graph\":[{\"@type\":\"WebPage\",\"@id\":\"https:\\\/\\\/residence-vysehradska.cz\\\/apartman-2l\\\/\",\"url\":\"https:\\\/\\\/residence-vysehradska.cz\\\/apartman-2l\\\/\",\"name\":\"Vy\u0161ehradsk\u00e1 Rezidenci\u00f3 | Apartman 2L | Karlovy Vary\",\"isPartOf\":{\"@id\":\"https:\\\/\\\/residence-vysehradska.cz\\\/#website\"},\"datePublished\":\"2020-02-20T21:03:14+00:00\",\"dateModified\":\"2020-02-21T10:25:26+00:00\",\"breadcrumb\":{\"@id\":\"https:\\\/\\\/residence-vysehradska.cz\\\/apartman-2l\\\/#breadcrumb\"},\"inLanguage\":\"hu\",\"potentialAction\":[{\"@type\":\"ReadAction\",\"target\":[\"https:\\\/\\\/residence-vysehradska.cz\\\/apartman-2l\\\/\"]}]},{\"@type\":\"BreadcrumbList\",\"@id\":\"https:\\\/\\\/residence-vysehradska.cz\\\/apartman-2l\\\/#breadcrumb\",\"itemListElement\":[{\"@type\":\"ListItem\",\"position\":1,\"name\":\"Dom\u016f\",\"item\":\"https:\\\/\\\/residence-vysehradska.cz\\\/hu\\\/\"},{\"@type\":\"ListItem\",\"position\":2,\"name\":\"2L\"}]},{\"@type\":\"WebSite\",\"@id\":\"https:\\\/\\\/residence-vysehradska.cz\\\/#website\",\"url\":\"https:\\\/\\\/residence-vysehradska.cz\\\/\",\"name\":\"Residence Vy\u0161ehradsk\u00e1\",\"description\":\"\",\"potentialAction\":[{\"@type\":\"SearchAction\",\"target\":{\"@type\":\"EntryPoint\",\"urlTemplate\":\"https:\\\/\\\/residence-vysehradska.cz\\\/?s={search_term_string}\"},\"query-input\":{\"@type\":\"PropertyValueSpecification\",\"valueRequired\":true,\"valueName\":\"search_term_string\"}}],\"inLanguage\":\"hu\"}]}<\/script>\n<!-- \/ Yoast SEO plugin. -->","yoast_head_json":{"title":"Vy\u0161ehradsk\u00e1 Rezidenci\u00f3 | Apartman 2L | Karlovy Vary","robots":{"index":"index","follow":"follow","max-snippet":"max-snippet:-1","max-image-preview":"max-image-preview:large","max-video-preview":"max-video-preview:-1"},"canonical":"https:\/\/residence-vysehradska.cz\/apartman-2l\/","og_locale":"hu_HU","og_type":"article","og_title":"Vy\u0161ehradsk\u00e1 Rezidenci\u00f3 | Apartman 2L | Karlovy Vary","og_url":"https:\/\/residence-vysehradska.cz\/apartman-2l\/","og_site_name":"Residence Vy\u0161ehradsk\u00e1","article_modified_time":"2020-02-21T10:25:26+00:00","twitter_card":"summary_large_image","schema":{"@context":"https:\/\/schema.org","@graph":[{"@type":"WebPage","@id":"https:\/\/residence-vysehradska.cz\/apartman-2l\/","url":"https:\/\/residence-vysehradska.cz\/apartman-2l\/","name":"Vy\u0161ehradsk\u00e1 Rezidenci\u00f3 | Apartman 2L | Karlovy Vary","isPartOf":{"@id":"https:\/\/residence-vysehradska.cz\/#website"},"datePublished":"2020-02-20T21:03:14+00:00","dateModified":"2020-02-21T10:25:26+00:00","breadcrumb":{"@id":"https:\/\/residence-vysehradska.cz\/apartman-2l\/#breadcrumb"},"inLanguage":"hu","potentialAction":[{"@type":"ReadAction","target":["https:\/\/residence-vysehradska.cz\/apartman-2l\/"]}]},{"@type":"BreadcrumbList","@id":"https:\/\/residence-vysehradska.cz\/apartman-2l\/#breadcrumb","itemListElement":[{"@type":"ListItem","position":1,"name":"Dom\u016f","item":"https:\/\/residence-vysehradska.cz\/hu\/"},{"@type":"ListItem","position":2,"name":"2L"}]},{"@type":"WebSite","@id":"https:\/\/residence-vysehradska.cz\/#website","url":"https:\/\/residence-vysehradska.cz\/","name":"Residence Vy\u0161ehradsk\u00e1","description":"","potentialAction":[{"@type":"SearchAction","target":{"@type":"EntryPoint","urlTemplate":"https:\/\/residence-vysehradska.cz\/?s={search_term_string}"},"query-input":{"@type":"PropertyValueSpecification","valueRequired":true,"valueName":"search_term_string"}}],"inLanguage":"hu"}]}},"_links":{"self":[{"href":"https:\/\/residence-vysehradska.cz\/hu\/wp-json\/wp\/v2\/pages\/450","targetHints":{"allow":["GET"]}}],"collection":[{"href":"https:\/\/residence-vysehradska.cz\/hu\/wp-json\/wp\/v2\/pages"}],"about":[{"href":"https:\/\/residence-vysehradska.cz\/hu\/wp-json\/wp\/v2\/types\/page"}],"author":[{"embeddable":true,"href":"https:\/\/residence-vysehradska.cz\/hu\/wp-json\/wp\/v2\/users\/4"}],"replies":[{"embeddable":true,"href":"https:\/\/residence-vysehradska.cz\/hu\/wp-json\/wp\/v2\/comments?post=450"}],"version-history":[{"count":3,"href":"https:\/\/residence-vysehradska.cz\/hu\/wp-json\/wp\/v2\/pages\/450\/revisions"}],"predecessor-version":[{"id":584,"href":"https:\/\/residence-vysehradska.cz\/hu\/wp-json\/wp\/v2\/pages\/450\/revisions\/584"}],"wp:attachment":[{"href":"https:\/\/residence-vysehradska.cz\/hu\/wp-json\/wp\/v2\/media?parent=450"}],"curies":[{"name":"wp","href":"https:\/\/api.w.org\/{rel}","templated":true}]}}